{"id":471,"date":"2024-01-06T21:58:52","date_gmt":"2024-01-06T20:58:52","guid":{"rendered":"https:\/\/janaleidenfrost.net\/?page_id=471"},"modified":"2024-01-22T00:34:42","modified_gmt":"2024-01-21T23:34:42","slug":"impressum","status":"publish","type":"page","link":"https:\/\/janaleidenfrost.net\/?page_id=471","title":{"rendered":"Impressum"},"content":{"rendered":"<div class=\"wpb-content-wrapper\"><p>[vc_row css_animation=&#8220;&#8220; row_type=&#8220;row&#8220; use_row_as_full_screen_section=&#8220;no&#8220; type=&#8220;full_width&#8220; angled_section=&#8220;no&#8220; text_align=&#8220;left&#8220; background_image_as_pattern=&#8220;without_pattern&#8220; z_index=&#8220;&#8220; padding_top=&#8220;90&#8243; padding_bottom=&#8220;190&#8243;][vc_column][vc_column_text]<\/p>\n<div class=\"vc_row wpb_row section vc_row-fluid grid_section\">\n<div class=\" section_inner clearfix\">\n<div class=\"section_inner_margin clearfix\">\n<div class=\"wpb_column vc_column_container vc_col-sm-12\">\n<div class=\"vc_column-inner\">\n<div class=\"wpb_wrapper\">\n<div class=\"wpb_text_column wpb_content_element \">\n<div class=\"wpb_wrapper\">\n<h2>Impressum<\/h2>\n<p>[vc_separator type=&#8217;transparent&#8216; position=&#8217;center&#8216; color=&#8220; thickness=&#8217;50&#8216; up=&#8220; down=&#8220;]<\/p>\n<\/div>\n<\/div>\n<\/div>\n<\/div>\n<\/div>\n<\/div>\n<\/div>\n<\/div>\n<div class=\"vc_row wpb_row section vc_row-fluid grid_section\">\n<div class=\" section_inner clearfix\">\n<div class=\"section_inner_margin clearfix\">\n<div class=\"wpb_column vc_column_container vc_col-sm-12\">\n<div class=\"vc_column-inner\">\n<div class=\"wpb_wrapper\">\n<div class=\"wpb_text_column wpb_content_element \">\n<div class=\"wpb_wrapper\">\n<h3>Verantwortlich im Sinne von \u00a7 6 MDStV<\/h3>\n<p>JL Jana Leidenfrost<br class=\"\" \/>psychological mentoring GmbH\u00a0<br class=\"\" \/><br class=\"\" \/>Mobile: +491751867470<br class=\"\" \/><a class=\"\" href=\"mailto:JL@janaleidenfrost.com\">E-Mail: JL@janaleidenfrost.com<\/a>\u00a0<br class=\"\" \/>Webseite: www.janaleidenfrost.net<br class=\"\" \/><br class=\"\" \/><\/p>\n<\/div>\n<p>Firmensitz:\u2028Im L\u00e4ndle 24\u202871334 Waiblingen<\/p>\n<p>&nbsp;<\/p>\n<p>USt-IdNr.:<br \/>\nDE327873801<\/p>\n<p>&nbsp;<\/p>\n<\/div>\n<p>Handelsregister\u00a0beim Amtsgericht Stuttgart<br \/>\nNr. HRB: B772152<\/p>\n<p>&nbsp;<\/p>\n<h3>HAFTUNGSAUSSCHLUSS<\/h3>\n<\/div>\n<\/div>\n<\/div>\n<\/div>\n<div class=\"section_inner_margin clearfix\">\n<div class=\"wpb_column vc_column_container vc_col-sm-12\">\n<div class=\"vc_column-inner\">\n<div class=\"wpb_wrapper\">\n<div class=\"wpb_text_column wpb_content_element \">\n<div class=\"wpb_wrapper\">\n<p>Diese Website dient lediglich der Information.\u00a0Astrid van Calker hat mit gr\u00f6\u00dfter Sorgfalt und nach bestem Wissen den Inhalt dieser Site zusammengestellt, \u00fcbernimmt aber keine Garantie f\u00fcr die Art oder Richtigkeit des Materials. Au\u00dferdem wird keine Haftung (einschlie\u00dflich Haftung f\u00fcr indirekten Verlust oder Gewinn- oder Umsatzverluste) bez\u00fcglich des Materials oder Inhalts bzw. der Nutzung dieses Materials oder Inhalts \u00fcbernommen.<\/p>\n<p>&nbsp;<\/p>\n<h3>HINWEIS ZU VERLINKUNGEN<\/h3>\n<p>Mit Urteil vom 12. Mai 1998 hat das Landgericht Hamburg entschieden, dass man durch Einrichtung eines Links die Inhalte der gelinkten Seite gegebenenfalls mit zu verantworten hat. Dies kann, so das Landgericht, nur dadurch verhindert werden, dass man sich ausdr\u00fccklich von diesen Inhalten distanziert. F\u00fcr alle auf dieser Site gelegten Links weist\u00a0Astrid van Calker ausdr\u00fccklich darauf hin, dass sie keinerlei Einfluss auf die Gestaltung und die Inhalte der gelinkten Seiten hat.<\/p>\n<p>&nbsp;<\/p>\n<h3>URHEBERRECHTSHINWEISE<\/h3>\n<p>Alle auf dieser Website genannten Firmennamen, Logos und\/oder Produktbezeichnungen sind zu einem gro\u00dfen Teil gesch\u00fctzt oder Warenzeichen der jeweiligen Firmen. Astrid van Calker weist ferner darauf hin, dass alle auf dieser Website ver\u00f6ffentlichten Beitr\u00e4ge, Bilder und Abbildungen urheberrechtlich gesch\u00fctzt sind. Jede vom Urheberrechtsgesetz nicht zugelassene Verwertung bedarf vorheriger schriftlicher Zustimmung von Astrid van Calker.<\/p>\n<p>&nbsp;<\/p>\n<h3>HAFTUNGSFREISTELLUNG<\/h3>\n<p>Mit der Nutzung dieser Website erkl\u00e4ren Sie sich damit einverstanden, Astrid van Calker von jeglicher Haftung, jeglichem Anspruch und jeglicher finanzieller Forderung freizustellen. Diese Erkl\u00e4rung umfasst unter anderem Anwaltskosten, die von Dritten wegen oder bedingt durch den von Ihnen unterbreiteten, ver\u00f6ffentlichten oder \u00fcbermittelten Inhalt durch die Nutzung dieser Website, durch die Verbindung zu dieser Website oder durch die Verletzung irgendwelcher Rechte einer anderen nat\u00fcrlichen oder juristischen Person entsteht.<\/p>\n<p>&nbsp;<\/p>\n<h3>NUTZUNG VON GOOGLE ANALYTICS<\/h3>\n<p>Unsere Homepage benutzt Google Analytics, einen Webanalysedienst von Google. Google Analytics verwendet so genannte Cookies (kleine Textdateien), die auf Ihrem Computer gespeichert werden und die eine Analyse der Benutzung der Website durch Sie erm\u00f6glichen. Die durch die Cookie erzeugten Informationen \u00fcber Ihre Benutzung dieser Homepage (einschlie\u00dflich Ihrer IP-Adresse) werden an einen Server von Google in den USA \u00fcbertragen und dort gespeichert. Google wird diese Informationen benutzen, um Ihre Nutzung der Website auszuwerten, um Reports \u00fcber die Websiteaktivit\u00e4ten f\u00fcr die Homepage-Betreiber zusammenzustellen und um weitere mit der Websitenutzung und der Internetnutzung verbundene Dienstleistungen zu erbringen. Auch wird Google diese Informationen gegebenenfalls an Dritte \u00fcbertragen, sofern dieses gesetzlich vorgeschrieben ist oder soweit Dritte diese Daten im Auftrag von Google verarbeiten. Google wird in keinem Fall Ihre IP-Adresse mit anderen Daten von Google in Verbindung bringen. Sie k\u00f6nnen die Installation der Cookies durch eine entsprechende Einstellung in Ihrer Browser-Software verhindern, wir weisen Sie jedoch darauf hin, dass Sie in diesem Fall gegebenenfalls nicht s\u00e4mtliche Funktionen dieser Website in vollem Umfang nutzen k\u00f6nnen. Durch die Nutzung unserer Homepage erkl\u00e4ren Sie sich mit der Bearbeitung, der \u00fcber Sie erhobenen Daten durch Google, in der zuvor beschriebenen Art und Weise und zu dem zuvor benannten Zweck einverstanden.<\/p>\n<\/div>\n<\/div>\n<\/div>\n<\/div>\n<\/div>\n<\/div>\n<\/div>\n<\/div>\n<p>[\/vc_column_text][\/vc_column][\/vc_row]<\/p>\n<\/div>","protected":false},"excerpt":{"rendered":"<p>[vc_row css_animation=&#8220;&#8220; row_type=&#8220;row&#8220; use_row_as_full_screen_section=&#8220;no&#8220; type=&#8220;full_width&#8220; angled_section=&#8220;no&#8220; text_align=&#8220;left&#8220; background_image_as_pattern=&#8220;without_pattern&#8220; z_index=&#8220;&#8220; padding_top=&#8220;90&#8243; padding_bottom=&#8220;190&#8243;][vc_column][vc_column_text] Impressum [vc_separator type=&#8217;transparent&#8216; position=&#8217;center&#8216; color=&#8220; thickness=&#8217;50&#8216; up=&#8220; down=&#8220;] Verantwortlich im Sinne von \u00a7 6 MDStV JL Jana Leidenfrostpsychological mentoring GmbH\u00a0Mobile: +491751867470E-Mail: JL@janaleidenfrost.com\u00a0Webseite: www.janaleidenfrost.net Firmensitz:\u2028Im L\u00e4ndle 24\u202871334 Waiblingen &nbsp; USt-IdNr.: DE327873801 &nbsp; Handelsregister\u00a0beim Amtsgericht Stuttgart&#8230;<\/p>\n","protected":false},"author":1,"featured_media":0,"parent":0,"menu_order":0,"comment_status":"closed","ping_status":"open","template":"","meta":{"content-type":"","footnotes":""},"class_list":["post-471","page","type-page","status-publish","hentry"],"aioseo_notices":[],"_links":{"self":[{"href":"https:\/\/janaleidenfrost.net\/index.php?rest_route=\/wp\/v2\/pages\/471","targetHints":{"allow":["GET"]}}],"collection":[{"href":"https:\/\/janaleidenfrost.net\/index.php?rest_route=\/wp\/v2\/pages"}],"about":[{"href":"https:\/\/janaleidenfrost.net\/index.php?rest_route=\/wp\/v2\/types\/page"}],"author":[{"embeddable":true,"href":"https:\/\/janaleidenfrost.net\/index.php?rest_route=\/wp\/v2\/users\/1"}],"replies":[{"embeddable":true,"href":"https:\/\/janaleidenfrost.net\/index.php?rest_route=%2Fwp%2Fv2%2Fcomments&post=471"}],"version-history":[{"count":7,"href":"https:\/\/janaleidenfrost.net\/index.php?rest_route=\/wp\/v2\/pages\/471\/revisions"}],"predecessor-version":[{"id":602,"href":"https:\/\/janaleidenfrost.net\/index.php?rest_route=\/wp\/v2\/pages\/471\/revisions\/602"}],"wp:attachment":[{"href":"https:\/\/janaleidenfrost.net\/index.php?rest_route=%2Fwp%2Fv2%2Fmedia&parent=471"}],"curies":[{"name":"wp","href":"https:\/\/api.w.org\/{rel}","templated":true}]}}